{"id":42,"date":"2021-10-08T22:44:02","date_gmt":"2021-10-08T22:44:02","guid":{"rendered":"https:\/\/synergos.peopleware.pt\/?page_id=42"},"modified":"2022-01-03T12:12:16","modified_gmt":"2022-01-03T12:12:16","slug":"sobre-nos","status":"publish","type":"page","link":"https:\/\/synergos.pt\/index.php\/sobre-nos\/","title":{"rendered":"Sobre n\u00f3s"},"content":{"rendered":"\n<div class=\"wp-block-columns is-layout-flex wp-container-core-columns-is-layout-d0b3c9c8 wp-block-columns-is-layout-flex\">\n<div class=\"wp-block-column is-layout-flow wp-block-column-is-layout-flow\" style=\"--col-width:100%;flex-basis:100%\">\n<p class=\"tw-mb-8 tw-mt-8\"><strong>Fundada em 2003, a Synergos \u00e9 uma empresa cujo valor intr\u00ednseco se mede no reconhecimento das compet\u00eancias t\u00e9cnicas dos seus colaboradores<\/strong><\/p>\n\n\n\n<div class=\"wp-block-columns alignfull are-vertically-aligned-center tw-gutter-no is-layout-flex wp-container-core-columns-is-layout-d0b3c9c8 wp-block-columns-is-layout-flex\">\n<div class=\"wp-block-column is-vertically-aligned-center is-layout-flow wp-block-column-is-layout-flow\">\n<div class=\"wp-block-image is-style-tw-border\"><figure class=\"aligncenter size-full is-resized\"><img loading=\"lazy\" decoding=\"async\" src=\"https:\/\/synergos.peopleware.pt\/wp-content\/uploads\/2021\/10\/0b2ab67fc74f4858bfc215cfcb90ff1a.webp\" alt=\"\" class=\"wp-image-123\" width=\"495\" height=\"515\" srcset=\"https:\/\/synergos.pt\/wp-content\/uploads\/2021\/10\/0b2ab67fc74f4858bfc215cfcb90ff1a.webp 495w, https:\/\/synergos.pt\/wp-content\/uploads\/2021\/10\/0b2ab67fc74f4858bfc215cfcb90ff1a-288x300.webp 288w\" sizes=\"auto, (max-width: 495px) 100vw, 495px\" \/><\/figure><\/div>\n\n\n\n<p><\/p>\n<\/div>\n\n\n\n<div class=\"wp-block-column is-vertically-aligned-center is-layout-flow wp-block-column-is-layout-flow\" style=\"--col-width:350px;flex-basis:350px\">\n<p class=\"tw-mb-2 tw-text-wide has-small-font-size\"><strong>Anne-Lise Weiler<\/strong><\/p>\n\n\n\n<p class=\"text-align: justify text-justify:inter-word has-extra-small-font-size\">Licenciada em Engenharia agro-industrial pelo Instituto Superior de Agronomia, da Universidade T\u00e9cnica de Lisboa, exerceu as fun\u00e7\u00f5es de consultor na KPMG onde desenvolveu compet\u00eancias na implementa\u00e7\u00e3o de sistemas de gest\u00e3o da qualidade em empresas industriais e comerciais de diferentes sectores de atividade.<\/p>\n\n\n\n<p><\/p>\n\n\n\n<p class=\"tw-mb-3 text-align:justify text-justify:inter-word has-extra-small-font-size\">Tem apoiado de forma regular a implementa\u00e7\u00e3o de sistemas de gest\u00e3o nos dom\u00ednios da qualidade, ambiente e seguran\u00e7a em empresas da \u00e1rea farmac\u00eautica, constru\u00e7\u00e3o civil, gest\u00e3o de res\u00edduos e tratamento de \u00e1guas.<\/p>\n\n\n\n<p><\/p>\n\n\n\n<p class=\"tw-mb-3 text-align:justify text-justify:inter-word has-extra-small-font-size\">Especialista em reengenharia de sistemas de gest\u00e3o, projectos que visam a melhoria da efici\u00eancia das organiza\u00e7\u00f5es, nos dom\u00ednios da qualidade, ambiente, seguran\u00e7a e compliance.<\/p>\n\n\n\n<p><\/p>\n\n\n\n<p class=\"tw-mb-3 &quot;text-align&quot;:&quot;justify&quot; &quot;text-justify&quot;:&quot;inter-word&quot; has-extra-small-font-size\">Est\u00e1 qualificada como Auditora de Sistemas de Gest\u00e3o da Qualidade, Ambiente, Seguran\u00e7a, anti suborno (ISO 37001), Responsabilidade Social (SAI) e Gest\u00e3o da Energia (ISO 50001).<br>Desde Janeiro de 2002, desempenha as fun\u00e7\u00f5es de Partner da Synergos &#8211; Consultoria de Gest\u00e3o.<\/p>\n<\/div>\n<\/div>\n<\/div>\n<\/div>\n","protected":false},"excerpt":{"rendered":"<p>Fundada em 2003, a Synergos \u00e9 uma empresa cujo valor intr\u00ednseco se mede no reconhecimento das compet\u00eancias t\u00e9cnicas dos seus colaboradores Anne-Lise Weiler Licenciada em Engenharia agro-industrial pelo Instituto Superior de Agronomia, da Universidade T\u00e9cnica de Lisboa, exerceu as fun\u00e7\u00f5es de consultor na KPMG onde desenvolveu compet\u00eancias na implementa\u00e7\u00e3o de sistemas de gest\u00e3o da qualidade&hellip; <a class=\"more-link\" href=\"https:\/\/synergos.pt\/index.php\/sobre-nos\/\">Continue reading <span class=\"screen-reader-text\">Sobre n\u00f3s<\/span><\/a><\/p>\n","protected":false},"author":2,"featured_media":0,"parent":0,"menu_order":0,"comment_status":"closed","ping_status":"closed","template":"","meta":{"footnotes":""},"class_list":["post-42","page","type-page","status-publish","hentry","entry"],"_links":{"self":[{"href":"https:\/\/synergos.pt\/index.php\/wp-json\/wp\/v2\/pages\/42","targetHints":{"allow":["GET"]}}],"collection":[{"href":"https:\/\/synergos.pt\/index.php\/wp-json\/wp\/v2\/pages"}],"about":[{"href":"https:\/\/synergos.pt\/index.php\/wp-json\/wp\/v2\/types\/page"}],"author":[{"embeddable":true,"href":"https:\/\/synergos.pt\/index.php\/wp-json\/wp\/v2\/users\/2"}],"replies":[{"embeddable":true,"href":"https:\/\/synergos.pt\/index.php\/wp-json\/wp\/v2\/comments?post=42"}],"version-history":[{"count":31,"href":"https:\/\/synergos.pt\/index.php\/wp-json\/wp\/v2\/pages\/42\/revisions"}],"predecessor-version":[{"id":267,"href":"https:\/\/synergos.pt\/index.php\/wp-json\/wp\/v2\/pages\/42\/revisions\/267"}],"wp:attachment":[{"href":"https:\/\/synergos.pt\/index.php\/wp-json\/wp\/v2\/media?parent=42"}],"curies":[{"name":"wp","href":"https:\/\/api.w.org\/{rel}","templated":true}]}}